{"id":41,"date":"2015-11-14T01:04:57","date_gmt":"2015-11-14T01:04:57","guid":{"rendered":"http:\/\/www.raztro.com.br\/?page_id=41"},"modified":"2017-03-01T16:09:50","modified_gmt":"2017-03-01T19:09:50","slug":"fale-conosco","status":"publish","type":"page","link":"https:\/\/www.raztro.com.br\/?page_id=41","title":{"rendered":"FALE CONOSCO"},"content":{"rendered":"<div class=\"stripe stripe-style-1 stripe-transparent-bg\" data-anchor=\"#contact\" id=\"contact\" style=\"background-position: top;background-repeat: repeat;background-attachment: scroll;background-size: auto;padding-top: 0px;padding-bottom: 20px;margin-top: 0px;margin-bottom: -41px\"><div class=\"vc_row wpb_row wf-container bounceInDown animate-element\" style=\"\"><div class=\"wpb_column vc_column_container vc_col-sm-12\"><div class=\"wpb_wrapper\"><div class=\"gap\" style=\"line-height: 50px; height: 50px;\"><\/div><div class=\"vc_row wpb_row vc_inner wf-container\"><div class=\"wpb_column vc_column_container vc_col-sm-4\"><div class=\"wpb_wrapper\">\r\n\t<div class=\"wpb_text_column wpb_content_element \">\r\n\t\t<div class=\"wpb_wrapper\">\r\n\t\t\t<h3>Envie uma Mensagem<\/h3>\n\r\n\t\t<\/div>\r\n\t<\/div>\r\n<div class=\"gap\" style=\"line-height: 10px; height: 10px;\"><\/div><form class=\"contact-form dt-form\" action=\"\/\" method=\"post\">\n<input type=\"hidden\" name=\"widget_id\" value=\"presscore-contact-form-widget--1\" \/><input type=\"hidden\" name=\"send_message\" value=\"\" \/><div class=\"form-fields\"><span class=\"form-name\"><label class=\"assistive-text\">Name *<\/label><input type=\"text\" class=\"validate[required]\" placeholder=\"Name *\" name=\"name\" value=\"\" aria-required=\"true\">\n<\/span><span class=\"form-mail\"><label class=\"assistive-text\">E-mail *<\/label><input type=\"text\" class=\"validate[required,custom[email]]\" placeholder=\"E-mail *\" name=\"email\" value=\"\" aria-required=\"true\">\n<\/span><span class=\"form-telephone\"><label class=\"assistive-text\">Telephone<\/label><input type=\"text\" placeholder=\"Telephone\" name=\"telephone\" value=\"\" aria-required=\"false\">\n<\/span><\/div><span class=\"form-message\"><label class=\"assistive-text\">Message *<\/label><textarea class=\"validate[required]\" placeholder=\"Message *\" name=\"message\" rows=\"7\" aria-required=\"true\"><\/textarea>\n<\/span><p><a href=\"#\" class=\"dt-btn dt-btn-m dt-btn-submit\" rel=\"nofollow\">Enviar Mensagem<\/a><a href=\"#\" class=\"clear-form\" rel=\"nofollow\">clear<\/a><input class=\"assistive-text\" type=\"submit\" value=\"submit\"><\/p><\/form>\n<div class=\"gap\" style=\"line-height: 30px; height: 30px;\"><\/div><\/div><\/div><div class=\"wpb_column vc_column_container vc_col-sm-4\"><div class=\"wpb_wrapper\">\r\n\t<div class=\"wpb_text_column wpb_content_element \">\r\n\t\t<div class=\"wpb_wrapper\">\r\n\t\t\t<h3>Localiza\u00e7\u00e3o<\/h3>\n\r\n\t\t<\/div>\r\n\t<\/div>\r\n<div class=\"gap\" style=\"line-height: 25px; height: 25px;\"><\/div><div class=\"wpb_gmaps_widget wpb_content_element\">\r\n\t\t<div class=\"wpb_wrapper\">\r\n\t\t<div class=\"wpb_map_wraper\">\r\n\t\t\t<iframe loading=\"lazy\" src=\"https:\/\/www.google.com\/maps\/embed?pb=!1m14!1m8!1m3!1d3933.387949339334!2d-35.71625961117552!3d-9.647854143199728!3m2!1i1024!2i768!4f13.1!3m3!1m2!1s0x70145b0a7a23e1b%3A0xd8a7e24ec984ebeb!2sAv.+Pretestato+Ferreira+Machado%2C+721+-+Jati%C3%BAca%2C+Macei%C3%B3+-+AL%2C+57036-400%2C+Brasil!5e0!3m2!1spt-BR!2sbr!4v1448746709072\" width=\"600\" height=\"343\" frameborder=\"0\" style=\"border:0\" allowfullscreen><\/iframe>\t\t<\/div>\r\n\t<\/div>\r\n<\/div>\r\n<div class=\"gap\" style=\"line-height: 30px; height: 30px;\"><\/div><\/div><\/div><div class=\"wpb_column vc_column_container vc_col-sm-4\"><div class=\"wpb_wrapper\">\r\n\t<div class=\"wpb_text_column wpb_content_element \">\r\n\t\t<div class=\"wpb_wrapper\">\r\n\t\t\t<h3>Informa\u00e7\u00f5es de Contato<\/h3>\n\r\n\t\t<\/div>\r\n\t<\/div>\r\n<div class=\"gap\" style=\"line-height: 23px; height: 23px;\"><\/div>\r\n\t<div class=\"wpb_text_column wpb_content_element \">\r\n\t\t<div class=\"wpb_wrapper\">\r\n\t\t\t<table style=\"height: 106px;\" border=\"0\" width=\"530\" cellspacing=\"0\" cellpadding=\"0\">\n<tbody>\n<tr>\n<td align=\"center\"><a class=\"dt-single-image\" href=\"http:\/\/www.gpsalagoas.com.br\/wp-content\/uploads\/2013\/11\/home-house2.png\" data-dt-img-description=\"\"><img loading=\"lazy\" decoding=\"async\" class=\"alignnone size-full wp-image-22953\" src=\"http:\/\/www.gpsalagoas.com.br\/wp-content\/uploads\/2013\/11\/home-house2.png\" alt=\"home-house\" width=\"50\" height=\"50\" \/><\/a><\/td>\n<td align=\"left\">Av. Pretestato Ferreira Machado, 721 \u2013 Jati\u00faca, Macei\u00f3 \u2013 AL.\u00a0<div class=\"gap\" style=\"line-height: 10px; height: 10px;\"><\/div><\/td>\n<\/tr>\n<tr>\n<td align=\"center\"><a class=\"dt-single-image\" href=\"http:\/\/www.gpsalagoas.com.br\/wp-content\/uploads\/2013\/11\/tel.png\" data-dt-img-description=\"\"><img loading=\"lazy\" decoding=\"async\" class=\"alignnone size-full wp-image-22952\" src=\"http:\/\/www.gpsalagoas.com.br\/wp-content\/uploads\/2013\/11\/tel.png\" alt=\"tel\" width=\"50\" height=\"50\" \/><\/a><\/td>\n<td align=\"left\"><strong>(82) 98857-6943<\/strong><\/td>\n<\/tr>\n<tr>\n<td align=\"center\"><a class=\"dt-single-image\" href=\"http:\/\/www.gpsalagoas.com.br\/wp-content\/uploads\/2013\/11\/whatsapp-icon1.png\" data-dt-img-description=\"\"><img loading=\"lazy\" decoding=\"async\" class=\"alignnone size-full wp-image-22951\" src=\"http:\/\/www.gpsalagoas.com.br\/wp-content\/uploads\/2013\/11\/whatsapp-icon1.png\" alt=\"whatsapp-icon\" width=\"50\" height=\"50\" \/><\/a><\/td>\n<td align=\"left\"><strong>(82) 98857-6943<\/strong><\/td>\n<\/tr>\n<tr>\n<td align=\"center\"><a class=\"dt-single-image\" href=\"mailto:contato@gpsalagoas.com.br\" target=\"_blank\" data-dt-img-description=\"\"><img loading=\"lazy\" decoding=\"async\" class=\"alignnone size-full wp-image-22950\" src=\"http:\/\/www.gpsalagoas.com.br\/wp-content\/uploads\/2013\/11\/email3.png\" alt=\"email\" width=\"50\" height=\"49\" \/><\/a><\/td>\n<td align=\"left\"><strong><strong><a href=\"mailto:comercial@raztro.com.br\" target=\"_blank\">comercial@raztro.com.br<\/a>\u00a0 \u00a0 \u00a0<\/strong><\/strong><strong><strong><a href=\"mailto:financeiro@raztro.com.br\" target=\"_blank\">financeiro@raztro.com.br<\/a><\/strong><\/strong><\/td>\n<\/tr>\n<tr>\n<td align=\"center\"><a class=\"dt-single-image\" href=\"https:\/\/www.facebook.com\/pages\/Gps-Alagoas\/481594528660490\" target=\"_blank\" data-dt-img-description=\"\"><img loading=\"lazy\" decoding=\"async\" class=\"alignnone size-full wp-image-22949\" src=\"http:\/\/www.gpsalagoas.com.br\/wp-content\/uploads\/2013\/11\/face2.png\" alt=\"face\" width=\"50\" height=\"50\" \/><\/a><\/td>\n<td align=\"left\"><strong><a href=\"https:\/\/www.facebook.com\/raztromonitoramento\" target=\"_blank\">RAZTRO RASTREAMENTO<\/a><\/strong><\/td>\n<\/tr>\n<tr>\n<td align=\"center\"><a class=\"dt-single-image\" href=\"http:\/\/www.gpsalagoas.com.br\/wp-content\/uploads\/2013\/11\/instagran.png\" data-dt-img-description=\"\"><img loading=\"lazy\" decoding=\"async\" class=\"alignnone size-full wp-image-22955\" src=\"http:\/\/www.gpsalagoas.com.br\/wp-content\/uploads\/2013\/11\/instagran.png\" alt=\"instagran\" width=\"60\" height=\"60\" \/><\/a><\/td>\n<td align=\"left\"><b>RAZTRO RASTREAMENTO<\/b><\/td>\n<\/tr>\n<tr>\n<td align=\"center\"><a class=\"dt-single-image\" href=\"http:\/\/www.gpsalagoas.com.br\/wp-content\/uploads\/2013\/11\/google.png\" data-dt-img-description=\"\"><img loading=\"lazy\" decoding=\"async\" class=\"alignnone size-full wp-image-22956\" src=\"http:\/\/www.gpsalagoas.com.br\/wp-content\/uploads\/2013\/11\/google.png\" alt=\"google\" width=\"60\" height=\"60\" \/><\/a><\/td>\n<td align=\"left\"><b><a href=\"https:\/\/plus.google.com\/u\/4\/112901379721127416254\/\" target=\"_blank\">RAZTRO RASTREAMENTO<\/a><\/b><\/td>\n<\/tr>\n<\/tbody>\n<\/table>\n\r\n\t\t<\/div>\r\n\t<\/div>\r\n<div class=\"gap\" style=\"line-height: 30px; height: 30px;\"><\/div><\/div><\/div><\/div><\/div><\/div><\/div><\/div>\n","protected":false},"excerpt":{"rendered":"Envie uma Mensagem Name * E-mail * Telephone Message * Enviar Mensagemclear Localiza\u00e7\u00e3o Informa\u00e7\u00f5es de Contato Av. Pretestato Ferreira Machado, 721 \u2013 Jati\u00faca, Macei\u00f3 \u2013 AL.\u00a0 (82) 98857-6943 (82) 98857-6943 comercial@raztro.com.br\u00a0 \u00a0 \u00a0financeiro@raztro.com.br RAZTRO RASTREAMENTO RAZTRO RASTREAMENTO RAZTRO RASTREAMENTO","protected":false},"author":1,"featured_media":0,"parent":0,"menu_order":0,"comment_status":"closed","ping_status":"closed","template":"","meta":{"footnotes":""},"class_list":["post-41","page","type-page","status-publish","hentry","description-off"],"_links":{"self":[{"href":"https:\/\/www.raztro.com.br\/index.php?rest_route=\/wp\/v2\/pages\/41","targetHints":{"allow":["GET"]}}],"collection":[{"href":"https:\/\/www.raztro.com.br\/index.php?rest_route=\/wp\/v2\/pages"}],"about":[{"href":"https:\/\/www.raztro.com.br\/index.php?rest_route=\/wp\/v2\/types\/page"}],"author":[{"embeddable":true,"href":"https:\/\/www.raztro.com.br\/index.php?rest_route=\/wp\/v2\/users\/1"}],"replies":[{"embeddable":true,"href":"https:\/\/www.raztro.com.br\/index.php?rest_route=%2Fwp%2Fv2%2Fcomments&post=41"}],"version-history":[{"count":13,"href":"https:\/\/www.raztro.com.br\/index.php?rest_route=\/wp\/v2\/pages\/41\/revisions"}],"predecessor-version":[{"id":500,"href":"https:\/\/www.raztro.com.br\/index.php?rest_route=\/wp\/v2\/pages\/41\/revisions\/500"}],"wp:attachment":[{"href":"https:\/\/www.raztro.com.br\/index.php?rest_route=%2Fwp%2Fv2%2Fmedia&parent=41"}],"curies":[{"name":"wp","href":"https:\/\/api.w.org\/{rel}","templated":true}]}}