{"id":43,"date":"2015-11-14T01:08:31","date_gmt":"2015-11-14T01:08:31","guid":{"rendered":"http:\/\/www.raztro.com.br\/?page_id=43"},"modified":"2024-10-20T13:00:59","modified_gmt":"2024-10-20T16:00:59","slug":"home","status":"publish","type":"page","link":"https:\/\/www.raztro.com.br\/","title":{"rendered":"HOME"},"content":{"rendered":"<div class=\"vc_row wpb_row wf-container\" style=\"margin-top: 20px;margin-bottom: 0px\"><div class=\"wpb_column vc_column_container vc_col-sm-12 wobble animate-element\"><div class=\"wpb_wrapper\">\r\n\t<div class=\"wpb_text_column wpb_content_element  vc_custom_1448738218972\">\r\n\t\t<div class=\"wpb_wrapper\">\r\n\t\t\t<h2 style=\"text-align: center;\">Seguran\u00e7a em Tecnologia<\/h2>\n<h4 style=\"text-align: center;\">Tenha um atendimento \u00e1gil e eficaz de forma totalmente segura.<\/h4>\n\r\n\t\t<\/div>\r\n\t<\/div>\r\n<div class=\"gap\" style=\"line-height: 30px; height: 30px;\"><\/div><\/div><\/div><\/div><!-- Row Backgrounds --><div class=\"upb_color\" data-bg-override=\"0\" data-bg-color=\"#f2f2f2\" data-fadeout=\"\" data-fadeout-percentage=\"30\" data-parallax-content=\"\" data-parallax-content-sense=\"30\" data-row-effect-mobile-disable=\"true\" data-img-parallax-mobile-disable=\"true\" data-rtl=\"false\"  data-custom-vc-row=\"\"  data-vc=\"4.8.0.1\"  data-theme-support=\"\"   data-overlay=\"false\" data-overlay-color=\"\" data-overlay-pattern=\"\" data-overlay-pattern-opacity=\"\" data-overlay-pattern-size=\"\"    ><\/div>\n\n\n<div class=\"vc_row wpb_row wf-container\" style=\"margin-top: 30px;margin-bottom: 10px\"><div class=\"wpb_column vc_column_container vc_col-sm-3 zoomIn animate-element\"><div class=\"wpb_wrapper\">\r\n\t<div class=\"wpb_text_column wpb_content_element \">\r\n\t\t<div class=\"wpb_wrapper\">\r\n\t\t\t<p><img loading=\"lazy\" decoding=\"async\" class=\"alignnone size-full wp-image-323\" src=\"http:\/\/www.raztro.com.br\/wp-content\/uploads\/2015\/11\/banner.jpg\" alt=\"banner\" width=\"297\" height=\"297\" srcset=\"https:\/\/www.raztro.com.br\/wp-content\/uploads\/2015\/11\/banner.jpg 297w, https:\/\/www.raztro.com.br\/wp-content\/uploads\/2015\/11\/banner-150x150.jpg 150w\" sizes=\"auto, (max-width: 297px) 100vw, 297px\" \/><\/p>\n\r\n\t\t<\/div>\r\n\t<\/div>\r\n\r\n\t<div class=\"wpb_text_column wpb_content_element \">\r\n\t\t<div class=\"wpb_wrapper\">\r\n\t\t\t<h4>Satisfa\u00e7\u00e3o em Seguran\u00e7a<\/h4>\n\r\n\t\t<\/div>\r\n\t<\/div>\r\n<\/div><\/div><div class=\"wpb_column vc_column_container vc_col-sm-3 shake animate-element\"><div class=\"wpb_wrapper\">\r\n\t<div class=\"wpb_text_column wpb_content_element \">\r\n\t\t<div class=\"wpb_wrapper\">\r\n\t\t\t<h4>Onde pode ser \u00fatil<\/h4>\n\r\n\t\t<\/div>\r\n\t<\/div>\r\n\r\n\t<div class=\"wpb_text_column wpb_content_element \">\r\n\t\t<div class=\"wpb_wrapper\">\r\n\t\t\t<ul>\n<li>Rastreamento de vans, caminh\u00f5es e outros ve\u00edculos em uma frota<\/li>\n<li>Paisagismo, pavimenta\u00e7\u00e3o ou constru\u00e7\u00e3o<\/li>\n<li>Eletricistas e encanadores<\/li>\n<li>Distribuidores, fornecedores e atacadistas<\/li>\n<li>Servi\u00e7os de repara\u00e7\u00e3o e de emerg\u00eancia<\/li>\n<\/ul>\n\r\n\t\t<\/div>\r\n\t<\/div>\r\n<\/div><\/div><div class=\"wpb_column vc_column_container vc_col-sm-3 shake animate-element\"><div class=\"wpb_wrapper\">\r\n\t<div class=\"wpb_text_column wpb_content_element \">\r\n\t\t<div class=\"wpb_wrapper\">\r\n\t\t\t<h4>Ativos n\u00e3o convencionais<\/h4>\n\r\n\t\t<\/div>\r\n\t<\/div>\r\n\r\n\t<div class=\"wpb_text_column wpb_content_element \">\r\n\t\t<div class=\"wpb_wrapper\">\r\n\t\t\t<ul>\n<li>Ambul\u00e2ncias e unidades m\u00e9dicas m\u00f3veis<\/li>\n<li>T\u00e1xis e \u00f4nibus<\/li>\n<li>Trens<\/li>\n<li>Barcos<\/li>\n<li>Equipamento pesado<\/li>\n<li>Cortadores de grama<\/li>\n<li>Varredores de rua<\/li>\n<li>Outras necessidades de transporte<\/li>\n<\/ul>\n\r\n\t\t<\/div>\r\n\t<\/div>\r\n<\/div><\/div><div class=\"wpb_column vc_column_container vc_col-sm-3 shake animate-element\"><div class=\"wpb_wrapper\">\r\n\t<div class=\"wpb_text_column wpb_content_element \">\r\n\t\t<div class=\"wpb_wrapper\">\r\n\t\t\t<h4>Benef\u00edcios ao utilizar GPS<\/h4>\n\r\n\t\t<\/div>\r\n\t<\/div>\r\n\r\n\t<div class=\"wpb_text_column wpb_content_element \">\r\n\t\t<div class=\"wpb_wrapper\">\r\n\t\t\t<ul>\n<li>Reduzir as horas extras<\/li>\n<li>Verifique as informa\u00e7\u00f5es do quadro de hor\u00e1rios<\/li>\n<li>Aumentar a produtividade<\/li>\n<li>Melhorar o atendimento ao cliente<\/li>\n<li>Reduzir a quilometragem de ve\u00edculos e combust\u00edvel<\/li>\n<li>Melhorar roteamento<\/li>\n<li>Aumentar a seguran\u00e7a dos trabalhadores e da frota<\/li>\n<\/ul>\n\r\n\t\t<\/div>\r\n\t<\/div>\r\n<\/div><\/div><\/div>\n\n\n\n<div class=\"vc_row wpb_row wf-container\" style=\"margin-top: 0px;margin-bottom: 0px\"><div class=\"wpb_column vc_column_container vc_col-sm-12\"><div class=\"wpb_wrapper\">\r\n\t<div class=\"wpb_text_column wpb_content_element \">\r\n\t\t<div class=\"wpb_wrapper\">\r\n\t\t\t<p>O Sistema de rastreamento de ve\u00edculos \u00e9 a forma mais eficiente e segura de saber a posi\u00e7\u00e3o exata do seu ve\u00edculo, proporcionando o seu percurso com tranquilidade.<\/p>\n\r\n\t\t<\/div>\r\n\t<\/div>\r\n<\/div><\/div><\/div>\n\n\n<div class=\"vc_row wpb_row wf-container\" style=\"margin-top: 10px;margin-bottom: 0px\"><div class=\"wpb_column vc_column_container vc_col-sm-12\"><div class=\"wpb_wrapper\"><div class=\"gap\" style=\"line-height: 40px; height: 40px;\"><\/div>\r\n\t<div class=\"wpb_text_column wpb_content_element \">\r\n\t\t<div class=\"wpb_wrapper\">\r\n\t\t\t<h2 style=\"text-align: center;\">Monitore seus ve\u00edculos pela internet<\/h2>\n\r\n\t\t<\/div>\r\n\t<\/div>\r\n<\/div><\/div><\/div>\n\n\n\n<div class=\"vc_row wpb_row wf-container\" style=\"margin-top: 10px;margin-bottom: 0px\"><div class=\"wpb_column vc_column_container vc_col-sm-12 bounceInLeft animate-element\"><div class=\"wpb_wrapper\"><div class=\"gap\" style=\"line-height: 20px; height: 20px;\"><\/div><div id=\"ult-carousel-54903394569e62e601855c\" class=\"ult-carousel-wrapper  ult_full_width\" data-gutter=\"15\" data-rtl=\"false\" ><div class=\"ult-carousel-206363586069e62e6018546 \" ><div class=\"ult-item-wrap\" data-animation=\"animated fadeIn\">\r\n\t<div class=\"wpb_single_image wpb_content_element vc_align_left   Pessoal\">\r\n\t\t\r\n\t\t<figure class=\"wpb_wrapper vc_figure\">\r\n\t\t\t<div class=\"vc_single_image-wrapper   vc_box_border_grey\"><img loading=\"lazy\" decoding=\"async\" width=\"200\" height=\"126\" src=\"https:\/\/www.raztro.com.br\/wp-content\/uploads\/2015\/11\/monitore-pessoal.jpg\" class=\"vc_single_image-img attachment-medium\" alt=\"\" \/><\/div>\r\n\t\t<\/figure>\r\n\t<\/div>\r\n<\/div><div class=\"ult-item-wrap\" data-animation=\"animated fadeIn\">\r\n\t<div class=\"wpb_single_image wpb_content_element vc_align_left   teste\">\r\n\t\t\r\n\t\t<figure class=\"wpb_wrapper vc_figure\">\r\n\t\t\t<div class=\"vc_single_image-wrapper   vc_box_border_grey\"><img loading=\"lazy\" decoding=\"async\" width=\"200\" height=\"126\" src=\"https:\/\/www.raztro.com.br\/wp-content\/uploads\/2015\/11\/monitore-carro.jpg\" class=\"vc_single_image-img attachment-medium\" alt=\"\" \/><\/div>\r\n\t\t<\/figure>\r\n\t<\/div>\r\n<\/div><div class=\"ult-item-wrap\" data-animation=\"animated fadeIn\">\r\n\t<div class=\"wpb_single_image wpb_content_element vc_align_center\">\r\n\t\t\r\n\t\t<figure class=\"wpb_wrapper vc_figure\">\r\n\t\t\t<div class=\"vc_single_image-wrapper   vc_box_border_grey\"><img loading=\"lazy\" decoding=\"async\" width=\"199\" height=\"126\" src=\"https:\/\/www.raztro.com.br\/wp-content\/uploads\/2015\/11\/monitore-frotas.jpg\" class=\"vc_single_image-img attachment-full\" alt=\"\" \/><\/div>\r\n\t\t<\/figure>\r\n\t<\/div>\r\n<\/div><div class=\"ult-item-wrap\" data-animation=\"animated fadeIn\">\r\n\t<div class=\"wpb_single_image wpb_content_element vc_align_left\">\r\n\t\t\r\n\t\t<figure class=\"wpb_wrapper vc_figure\">\r\n\t\t\t<div class=\"vc_single_image-wrapper   vc_box_border_grey\"><img loading=\"lazy\" decoding=\"async\" width=\"201\" height=\"126\" src=\"https:\/\/www.raztro.com.br\/wp-content\/uploads\/2015\/11\/monitore-maquinas.jpg\" class=\"vc_single_image-img attachment-full\" alt=\"\" \/><\/div>\r\n\t\t<\/figure>\r\n\t<\/div>\r\n<\/div><div class=\"ult-item-wrap\" data-animation=\"animated fadeIn\">\r\n\t<div class=\"wpb_single_image wpb_content_element vc_align_left\">\r\n\t\t\r\n\t\t<figure class=\"wpb_wrapper vc_figure\">\r\n\t\t\t<div class=\"vc_single_image-wrapper   vc_box_border_grey\"><img loading=\"lazy\" decoding=\"async\" width=\"201\" height=\"126\" src=\"https:\/\/www.raztro.com.br\/wp-content\/uploads\/2015\/11\/monitore-moto.jpg\" class=\"vc_single_image-img attachment-full\" alt=\"\" \/><\/div>\r\n\t\t<\/figure>\r\n\t<\/div>\r\n<\/div><div class=\"ult-item-wrap\" data-animation=\"animated fadeIn\">\r\n\t<div class=\"wpb_single_image wpb_content_element vc_align_left\">\r\n\t\t\r\n\t\t<figure class=\"wpb_wrapper vc_figure\">\r\n\t\t\t<div class=\"vc_single_image-wrapper   vc_box_border_grey\"><img loading=\"lazy\" decoding=\"async\" width=\"200\" height=\"126\" src=\"https:\/\/www.raztro.com.br\/wp-content\/uploads\/2015\/11\/monitore-onibus.jpg\" class=\"vc_single_image-img attachment-full\" alt=\"\" \/><\/div>\r\n\t\t<\/figure>\r\n\t<\/div>\r\n<\/div><div class=\"ult-item-wrap\" data-animation=\"animated fadeIn\">\r\n\t<div class=\"wpb_single_image wpb_content_element vc_align_left\">\r\n\t\t\r\n\t\t<figure class=\"wpb_wrapper vc_figure\">\r\n\t\t\t<div class=\"vc_single_image-wrapper   vc_box_border_grey\"><img loading=\"lazy\" decoding=\"async\" width=\"200\" height=\"126\" src=\"https:\/\/www.raztro.com.br\/wp-content\/uploads\/2015\/11\/monitore-taxi.jpg\" class=\"vc_single_image-img attachment-full\" alt=\"\" \/><\/div>\r\n\t\t<\/figure>\r\n\t<\/div>\r\n<\/div><\/div><\/div>            <script type=\"text\/javascript\">\n\t\t\t\tjQuery(document).ready(function($){\n               \t\t$('.ult-carousel-206363586069e62e6018546').slick({dots: true,autoplay: true,autoplaySpeed: 1700,speed: 300,infinite: true,arrows: true,nextArrow: '<button type=\"button\" style=\"color:#333333; font-size:20px;\" class=\"slick-next default\"><i class=\"ultsl-arrow-right4\"><\/i><\/button>',prevArrow: '<button type=\"button\" style=\"color:#333333; font-size:20px;\" class=\"slick-prev default\"><i class=\"ultsl-arrow-left4\"><\/i><\/button>',slidesToScroll:1,slidesToShow:5,swipe: true,draggable: true,touchMove: true,responsive: [\n\t\t\t\t\t\t\t{\n\t\t\t\t\t\t\t  breakpoint: 1025,\n\t\t\t\t\t\t\t  settings: {\n\t\t\t\t\t\t\t\tslidesToShow: 5,\n\t\t\t\t\t\t\t\tslidesToScroll: 1,  \n\t\t\t\t\t\t\t  }\n\t\t\t\t\t\t\t},\n\t\t\t\t\t\t\t{\n\t\t\t\t\t\t\t  breakpoint: 769,\n\t\t\t\t\t\t\t  settings: {\n\t\t\t\t\t\t\t\tslidesToShow: 3,\n\t\t\t\t\t\t\t\tslidesToScroll: 3\n\t\t\t\t\t\t\t  }\n\t\t\t\t\t\t\t},\n\t\t\t\t\t\t\t{\n\t\t\t\t\t\t\t  breakpoint: 481,\n\t\t\t\t\t\t\t  settings: {\n\t\t\t\t\t\t\t\tslidesToShow: 2,\n\t\t\t\t\t\t\t\tslidesToScroll: 2\n\t\t\t\t\t\t\t  }\n\t\t\t\t\t\t\t}\n\t\t\t\t\t\t],pauseOnHover: true,\n\t\t\t\t\t\tpauseOnDotsHover: true,customPaging: function(slider, i) {\n                   return '<i type=\"button\" style=\"color:#333333;\" class=\"ultsl-record\" data-role=\"none\"><\/i>';\n                },});\n\t\t\t\t});\n\t\t\t<\/script>\n            <\/div><\/div><\/div>\n\n\n<div class=\"vc_row wpb_row wf-container\" style=\"margin-top: 40px;margin-bottom: 0px\"><div class=\"wpb_column vc_column_container vc_col-sm-12 flipInX animate-element\"><div class=\"wpb_wrapper\">\r\n\t<div class=\"wpb_text_column wpb_content_element \">\r\n\t\t<div class=\"wpb_wrapper\">\r\n\t\t\t<h2 style=\"text-align: center;\">Principais Fun\u00e7\u00f5es do Sistema<\/h2>\n<h4 style=\"text-align: center;\">Tecnologia de Ponta para sua familia e empresa<\/h4>\n\r\n\t\t<\/div>\r\n\t<\/div>\r\n<\/div><\/div><\/div>\n\n\n<div class=\"vc_row wpb_row wf-container\" style=\"margin-top: 30px;margin-bottom: 0px\"><div class=\"wpb_column vc_column_container vc_col-sm-6 bounceInRight animate-element\"><div class=\"wpb_wrapper\">\r\n\t<div class=\"wpb_text_column wpb_content_element \">\r\n\t\t<div class=\"wpb_wrapper\">\r\n\t\t\t<h2 style=\"text-align: justify;\" align=\"center\">Onde est\u00e3o seus Ve\u00edculos<\/h2>\n<div style=\"text-align: justify;\" align=\"center\">Com o sistema da Raztro voc\u00ea saber\u00e1 onde sua frota esta em tempo real, com atualiza\u00e7\u00e3o a cada 30 segundos que proporciona o acompanhamento on-line e podendo ser visualizado por qualquer dispositivo com acesso a internet.<br \/>\nR\u00e1pido, F\u00e1cil e Preciso.<\/div>\n\r\n\t\t<\/div>\r\n\t<\/div>\r\n<\/div><\/div><div class=\"wpb_column vc_column_container vc_col-sm-6 rubberBand animate-element\"><div class=\"wpb_wrapper\">\r\n\t<div class=\"wpb_text_column wpb_content_element \">\r\n\t\t<div class=\"wpb_wrapper\">\r\n\t\t\t<h2 style=\"text-align: justify;\" align=\"center\">Porqu\u00ea o Raztro?<\/h2>\n<div style=\"text-align: justify;\" align=\"center\">\n<p><strong>O Raztro \u00e9 um sistema inteligente de localiza\u00e7\u00e3o por GPS para gest\u00e3o de frotas.<\/strong> Com o Raztro voc\u00ea controlar os ve\u00edculos da frota 24 horas por dia, com a posi\u00e7\u00e3o de cada ve\u00edculo e os dados dos sensores a serem recebidos a cada minuto.<\/p>\n<\/div>\n<div style=\"text-align: justify;\" align=\"center\">Como op\u00e7\u00e3o podem ser adicionados outros servi\u00e7os e acess\u00f3rios.<\/div>\n\r\n\t\t<\/div>\r\n\t<\/div>\r\n<div class=\"gap\" style=\"line-height: 15px; height: 15px;\"><\/div>\r\n\t<div class=\"wpb_single_image wpb_content_element vc_align_left\">\r\n\t\t\r\n\t\t<figure class=\"wpb_wrapper vc_figure\">\r\n\t\t\t<a href=\"#\" target=\"_self\" class=\"vc_single_image-wrapper   vc_box_border_grey\"><\/a>\r\n\t\t<\/figure>\r\n\t<\/div>\r\n<a href=\"http:\/\/www.raztro.com.br\/atividade\" class=\"dt-btn-m dt-btn\">Qual sua Atividade?<\/a><a href=\"http:\/\/www.raztro.com.br\/monitoramento\/\" class=\"dt-btn-m dt-btn\">Conhe\u00e7a nosso produto<\/a><a href=\"http:\/\/www.raztro.com.br\/monitoramento\/\" class=\"dt-btn-m dt-btn\">Veja como funciona<\/a><div class=\"gap\" style=\"line-height: 30px; height: 30px;\"><\/div><\/div><\/div><\/div>\n\n\n\n<div class=\"vc_row wpb_row wf-container\" style=\"margin-top: 0px;margin-bottom: 30px\"><div class=\"wpb_column vc_column_container vc_col-sm-6\"><div class=\"wpb_wrapper\"><\/div><\/div><div class=\"wpb_column vc_column_container vc_col-sm-6\"><div class=\"wpb_wrapper\"><div class=\"gap\" style=\"line-height: 45px; height: 45px;\"><\/div><\/div><\/div><\/div>\n\n\n<div class=\"stripe stripe-style-2 stripe-transparent-bg\" data-anchor=\"#produto\" id=\"produto\" style=\"background-position: top;background-repeat: repeat;background-attachment: scroll;background-size: auto;padding-top: 60px;padding-bottom: 30px;margin-top: 0px;margin-bottom: 0px\"><div class=\"vc_row wpb_row wf-container full-width-wrap\" style=\"padding-left: 0px;padding-right: 0px\"><div class=\"wpb_column vc_column_container vc_col-sm-12 fadeInUpBig animate-element\"><div class=\"wpb_wrapper\">\r\n\t<div class=\"wpb_text_column wpb_content_element \">\r\n\t\t<div class=\"wpb_wrapper\">\r\n\t\t\t<h2 style=\"text-align: center;\">Conhe\u00e7a Nossos Produtos<\/h2>\n<h4 style=\"text-align: center;\">Nossos equipamentos atendem a qualquer tipo de Ve\u00edculos<\/h4>\n\r\n\t\t<\/div>\r\n\t<\/div>\r\n<div class=\"gap\" style=\"line-height: 40px; height: 40px;\"><\/div><div class=\"vc_row wpb_row vc_inner wf-container vc_custom_1448081946585\"><div class=\"wpb_column vc_column_container vc_col-sm-4\"><div class=\"wpb_wrapper\">\r\n\t<div class=\"wpb_text_column wpb_content_element \">\r\n\t\t<div class=\"wpb_wrapper\">\r\n\t\t\t<p><img decoding=\"async\" class=\"col-sm-2 col-lg-4 alignleft\" src=\"http:\/\/google.com.br\/loclator\/img\/i-map.png\" alt=\"\" \/><strong>Mapa em Tempo Real<\/strong><\/p>\n<div class=\"txt-features col-sm-4 col-lg-7\">\n<p>A qualquer hora e em qualquer lugar visualize a localiza\u00e7\u00e3o exata de seu ve\u00edculo(s) ou sua(s) frota(s) direto no mapa.<\/p>\n<\/div>\n\r\n\t\t<\/div>\r\n\t<\/div>\r\n<\/div><\/div><div class=\"wpb_column vc_column_container vc_col-sm-4\"><div class=\"wpb_wrapper\">\r\n\t<div class=\"wpb_text_column wpb_content_element \">\r\n\t\t<div class=\"wpb_wrapper\">\r\n\t\t\t<p><img decoding=\"async\" class=\"col-sm-2 col-lg-4 alignleft\" src=\"http:\/\/loclator.com.br\/loclator\/img\/i-mark.png\" alt=\"\" \/><strong>Defina Rotas e Cerca Virtual<\/strong><\/p>\n<div class=\"txt-features col-sm-4 col-lg-7\">\n<p>Com alguns cliques voc\u00ea gerencia de forma eficiente suas rotas e delimita os limites do seu trajeto para diversos fins.<\/p>\n<\/div>\n\r\n\t\t<\/div>\r\n\t<\/div>\r\n<\/div><\/div><div class=\"wpb_column vc_column_container vc_col-sm-4\"><div class=\"wpb_wrapper\">\r\n\t<div class=\"wpb_text_column wpb_content_element \">\r\n\t\t<div class=\"wpb_wrapper\">\r\n\t\t\t<p><img decoding=\"async\" class=\"col-sm-2 col-lg-4 alignleft\" src=\"http:\/\/google.com.br\/loclator\/img\/i-mobile.png\" alt=\"\" \/><strong>Monitore de qualquer lugar<\/strong><\/p>\n<div class=\"txt-features col-sm-4 col-lg-7\">\n<p>A qualquer hora e em qualquer lugar visualize a localiza\u00e7\u00e3o exata de seu ve\u00edculo(s) ou sua(s) frota(s) direto no mapa.<\/p>\n<\/div>\n\r\n\t\t<\/div>\r\n\t<\/div>\r\n<\/div><\/div><\/div><div class=\"gap\" style=\"line-height: 40px; height: 40px;\"><\/div><div class=\"vc_row wpb_row vc_inner wf-container vc_custom_1448081946585\"><div class=\"wpb_column vc_column_container vc_col-sm-4\"><div class=\"wpb_wrapper\">\r\n\t<div class=\"wpb_text_column wpb_content_element \">\r\n\t\t<div class=\"wpb_wrapper\">\r\n\t\t\t<p><img decoding=\"async\" class=\"col-sm-2 col-lg-4 alignleft\" src=\"http:\/\/google.com.br\/loclator\/img\/i-pessoa.png\" alt=\"\" \/><strong>Facilidade de Uso<\/strong><\/p>\n<div class=\"txt-features col-sm-4 col-lg-7\">\n<p>Monitore seu ve\u00edculo ou sua frota de forma simples e intuitiva. Interface web e mobile pensado para facilitar seu dia-a-dia.<\/p>\n<\/div>\n\r\n\t\t<\/div>\r\n\t<\/div>\r\n<\/div><\/div><div class=\"wpb_column vc_column_container vc_col-sm-4\"><div class=\"wpb_wrapper\">\r\n\t<div class=\"wpb_text_column wpb_content_element \">\r\n\t\t<div class=\"wpb_wrapper\">\r\n\t\t\t<p><img decoding=\"async\" class=\"col-sm-2 col-lg-4 alignleft\" src=\"http:\/\/google.com.br\/loclator\/img\/i-energy.png\" alt=\"\" \/><strong>Bloqueio via internet<\/strong><\/p>\n<div class=\"txt-features col-sm-4 col-lg-7\">\n<p>Emerg\u00eancia? Ao ser alertado via SMS ou liga\u00e7\u00e3o direta no seu celular voc\u00ea pode desligar seu ve\u00edculo com um clique.<\/p>\n<\/div>\n\r\n\t\t<\/div>\r\n\t<\/div>\r\n<\/div><\/div><div class=\"wpb_column vc_column_container vc_col-sm-4\"><div class=\"wpb_wrapper\">\r\n\t<div class=\"wpb_text_column wpb_content_element \">\r\n\t\t<div class=\"wpb_wrapper\">\r\n\t\t\t<p><img decoding=\"async\" class=\"col-sm-2 col-lg-4 alignleft\" src=\"http:\/\/google.com.br\/loclator\/img\/i-velocidade.png\" alt=\"\" \/><strong>Monitore a Velocidade<\/strong><\/p>\n<div class=\"txt-features col-sm-4 col-lg-7\">\n<p>Tenha controle sobre excessos de velocidade e diminua incid\u00eancia de multas e acidentes.<\/p>\n<\/div>\n\r\n\t\t<\/div>\r\n\t<\/div>\r\n<\/div><\/div><\/div><div class=\"gap\" style=\"line-height: 40px; height: 40px;\"><\/div><div class=\"vc_row wpb_row vc_inner wf-container vc_custom_1448081946585\"><div class=\"wpb_column vc_column_container vc_col-sm-4\"><div class=\"wpb_wrapper\">\r\n\t<div class=\"wpb_text_column wpb_content_element \">\r\n\t\t<div class=\"wpb_wrapper\">\r\n\t\t\t<p><img decoding=\"async\" class=\"col-sm-2 col-lg-4 alignleft\" src=\"http:\/\/google.com.br\/loclator\/img\/i-frota.png\" alt=\"\" \/><strong>Elimine o Desvio de Rotas<\/strong><\/p>\n<div class=\"txt-features col-sm-4 col-lg-7\">\n<p>Aumente a produtividade de suas entregas monitorando o cumprimento de rotas em tempo real.<\/p>\n<\/div>\n\r\n\t\t<\/div>\r\n\t<\/div>\r\n<\/div><\/div><div class=\"wpb_column vc_column_container vc_col-sm-4\"><div class=\"wpb_wrapper\">\r\n\t<div class=\"wpb_text_column wpb_content_element \">\r\n\t\t<div class=\"wpb_wrapper\">\r\n\t\t\t<p><img decoding=\"async\" class=\"col-sm-2 col-lg-4 alignleft\" src=\"http:\/\/google.com.br\/loclator\/img\/i-fone.png\" alt=\"\" \/><strong>Escuta do interior do ve\u00edculo<\/strong><\/p>\n<div class=\"txt-features col-sm-4 col-lg-7\">\n<p>Voc\u00ea escuta o que est\u00e3o falando no interior do ve\u00edculo ao-vivo em seu aparelho celular ou smartphone com um clique.<\/p>\n<\/div>\n\r\n\t\t<\/div>\r\n\t<\/div>\r\n<\/div><\/div><div class=\"wpb_column vc_column_container vc_col-sm-4\"><div class=\"wpb_wrapper\">\r\n\t<div class=\"wpb_text_column wpb_content_element \">\r\n\t\t<div class=\"wpb_wrapper\">\r\n\t\t\t<p><img decoding=\"async\" class=\"col-sm-2 col-lg-4 alignleft\" src=\"http:\/\/google.com.br\/loclator\/img\/i-fone.png\" alt=\"\" \/><strong>Integrado a Central Telef\u00f4nica<\/strong><\/p>\n<div class=\"txt-features col-sm-4 col-lg-7\">\n<p>Caso n\u00e3o tenha disponibilidade de internet, ligue para nossa central autom\u00e1tica para efetuar o bloqueio do seu ve\u00edculo sem interven\u00e7\u00e3o humana.<\/p>\n<\/div>\n\r\n\t\t<\/div>\r\n\t<\/div>\r\n<\/div><\/div><\/div><\/div><\/div><\/div><\/div>\n\n\n<div class=\"vc_row wpb_row wf-container\" style=\"margin-top: 0px;margin-bottom: 0px\"><div class=\"wpb_column vc_column_container vc_col-sm-12 rotateIn animate-element\"><div class=\"wpb_wrapper\"><div class=\"gap\" style=\"line-height: 40px; height: 40px;\"><\/div>\r\n\t<div class=\"wpb_text_column wpb_content_element \">\r\n\t\t<div class=\"wpb_wrapper\">\r\n\t\t\t<h2 style=\"text-align: center;\"><strong>Controle seus bens e reduza custos\u00a0<\/strong><\/h2>\n\r\n\t\t<\/div>\r\n\t<\/div>\r\n<div class=\"gap\" style=\"line-height: 30px; height: 30px;\"><\/div><\/div><\/div><\/div>\n\n\n<div class=\"vc_row wpb_row wf-container zoomInRight animate-element\" style=\"margin-top: 0px;margin-bottom: 0px\"><div class=\"wpb_column vc_column_container vc_col-sm-3\"><div class=\"wpb_wrapper\">\r\n\t<div class=\"wpb_text_column wpb_content_element \">\r\n\t\t<div class=\"wpb_wrapper\">\r\n\t\t\t<p><img decoding=\"async\" title=\"Software Rastreamento GPS\" src=\"http:\/\/www.google.com.br\/img\/rastreamento-autogestao.gif\" alt=\"Software Rastreamento GPS\" \/><br \/>\nVoc\u00ea mesmo faz o rastreamento<br \/>\ncom sua senha, atrav\u00e9s de qualquer computador com internet.<\/p>\n\r\n\t\t<\/div>\r\n\t<\/div>\r\n<a href=\"http:\/\/www.raztro.com.br\/atividade\/\" class=\"dt-btn-m dt-btn\">Qual sua Atividade?<\/a><\/div><\/div><div class=\"wpb_column vc_column_container vc_col-sm-3\"><div class=\"wpb_wrapper\">\r\n\t<div class=\"wpb_text_column wpb_content_element \">\r\n\t\t<div class=\"wpb_wrapper\">\r\n\t\t\t<p><img decoding=\"async\" title=\"Rastreador Port\u00e1til\" src=\"http:\/\/www.google.com.br\/img\/rastreador-pessoal.png\" alt=\"Rastreador Port\u00e1til\" \/><br \/>\n<span id=\"Label4\">Rastreamento de Pessoas<\/span><br \/>\nLocaliza\u00e7\u00e3o ON-LINE e imediata\u00a0 atrav\u00e9s do rastreador port\u00e1til de bolso.<\/p>\n\r\n\t\t<\/div>\r\n\t<\/div>\r\n<a href=\"http:\/\/www.raztro.com.br\/atividade\/\" class=\"dt-btn-m dt-btn\">Mais Informa\u00e7\u00f5es<\/a><\/div><\/div><div class=\"wpb_column vc_column_container vc_col-sm-3\"><div class=\"wpb_wrapper\">\r\n\t<div class=\"wpb_text_column wpb_content_element \">\r\n\t\t<div class=\"wpb_wrapper\">\r\n\t\t\t<p><img decoding=\"async\" title=\"Rastreador Veicular\" src=\"http:\/\/www.google.com.br\/img\/rastreador-carro.gif\" alt=\"Rastreador Veicular\" \/><br \/>\n<span id=\"Label6\">Rastreamento de ve\u00edculos<\/span><br \/>\nFa\u00e7a o monitoramento ON-LINE de seus ve\u00edculos e cargas.<\/p>\n\r\n\t\t<\/div>\r\n\t<\/div>\r\n<a href=\"http:\/\/www.raztro.com.br\/atividade\/\" class=\"dt-btn-m dt-btn\">Mais Informa\u00e7\u00f5es<\/a><\/div><\/div><div class=\"wpb_column vc_column_container vc_col-sm-3\"><div class=\"wpb_wrapper\">\r\n\t<div class=\"wpb_text_column wpb_content_element \">\r\n\t\t<div class=\"wpb_wrapper\">\r\n\t\t\t<p><img decoding=\"async\" title=\"Rastreador Trajeto\" src=\"http:\/\/www.google.com.br\/img\/sistema-rastreamento.png\" alt=\"Rastreador Trajeto\" \/><br \/>\n<span id=\"Label7\">Hist\u00f3rico de trajetos<\/span><br \/>\nSaiba onde est\u00e3o e por onde passaram os rastreadores.<\/p>\n\r\n\t\t<\/div>\r\n\t<\/div>\r\n<a href=\"http:\/\/www.raztro.com.br\/atividade\/\" class=\"dt-btn-m dt-btn\">Mais Informa\u00e7\u00f5es<\/a><\/div><\/div><\/div>\n","protected":false},"excerpt":{"rendered":"Seguran\u00e7a em Tecnologia Tenha um atendimento \u00e1gil e eficaz de forma totalmente segura. Satisfa\u00e7\u00e3o em Seguran\u00e7a Onde pode ser \u00fatil Rastreamento de vans, caminh\u00f5es e outros ve\u00edculos em uma frota Paisagismo, pavimenta\u00e7\u00e3o ou constru\u00e7\u00e3o Eletricistas e encanadores Distribuidores, fornecedores e atacadistas Servi\u00e7os de repara\u00e7\u00e3o e de emerg\u00eancia Ativos n\u00e3o convencionais Ambul\u00e2ncias e unidades m\u00e9dicas m\u00f3veis&hellip;","protected":false},"author":1,"featured_media":0,"parent":0,"menu_order":0,"comment_status":"closed","ping_status":"closed","template":"","meta":{"footnotes":""},"class_list":["post-43","page","type-page","status-publish","hentry","description-off"],"_links":{"self":[{"href":"https:\/\/www.raztro.com.br\/index.php?rest_route=\/wp\/v2\/pages\/43","targetHints":{"allow":["GET"]}}],"collection":[{"href":"https:\/\/www.raztro.com.br\/index.php?rest_route=\/wp\/v2\/pages"}],"about":[{"href":"https:\/\/www.raztro.com.br\/index.php?rest_route=\/wp\/v2\/types\/page"}],"author":[{"embeddable":true,"href":"https:\/\/www.raztro.com.br\/index.php?rest_route=\/wp\/v2\/users\/1"}],"replies":[{"embeddable":true,"href":"https:\/\/www.raztro.com.br\/index.php?rest_route=%2Fwp%2Fv2%2Fcomments&post=43"}],"version-history":[{"count":96,"href":"https:\/\/www.raztro.com.br\/index.php?rest_route=\/wp\/v2\/pages\/43\/revisions"}],"predecessor-version":[{"id":523,"href":"https:\/\/www.raztro.com.br\/index.php?rest_route=\/wp\/v2\/pages\/43\/revisions\/523"}],"wp:attachment":[{"href":"https:\/\/www.raztro.com.br\/index.php?rest_route=%2Fwp%2Fv2%2Fmedia&parent=43"}],"curies":[{"name":"wp","href":"https:\/\/api.w.org\/{rel}","templated":true}]}}